{"id":2274,"date":"2025-10-27T01:52:04","date_gmt":"2025-10-27T01:52:04","guid":{"rendered":"https:\/\/www.debrisfreefl.com\/?post_type=product&#038;p=2274"},"modified":"2026-04-18T18:25:49","modified_gmt":"2026-04-18T22:25:49","slug":"rhino-xt","status":"publish","type":"product","link":"https:\/\/www.debrisfreefl.com\/es\/producto\/rhino-xt\/","title":{"rendered":"Sistema de divisi\u00f3n comercial Rhino XT"},"content":{"rendered":"<div data-elementor-type=\"product-post\" data-elementor-id=\"2274\" class=\"elementor elementor-2274\" data-elementor-post-type=\"product\">\n\t\t\t\t<div class=\"elementor-element elementor-element-4885df48 e-flex e-con-boxed e-con e-parent\" data-id=\"4885df48\" data-element_type=\"container\" data-e-type=\"container\">\n\t\t\t\t\t<div class=\"e-con-inner\">\n\t\t\t\t<div class=\"elementor-element elementor-element-18b91667 elementor-widget elementor-widget-text-editor\" data-id=\"18b91667\" data-element_type=\"widget\" data-e-type=\"widget\" data-widget_type=\"text-editor.default\">\n\t\t\t\t<div class=\"elementor-widget-container\">\n\t\t\t\t\t\t\t\t\t<p data-start=\"2042\" data-end=\"2302\">El sistema Commercial Rhino Split de Debris Free es el equipo de limpieza de conductos de aire comercial m\u00e1s avanzado del mercado. Dise\u00f1ado para un rendimiento de alta exigencia, est\u00e1 concebido para grandes instalaciones que requieren precisi\u00f3n, documentaci\u00f3n y rapidez.<\/p><p data-start=\"2304\" data-end=\"2541\">Su principal diferenciador es el sistema integrado de tableta y c\u00e1mara montado directamente en la manguera. Esto proporciona a los t\u00e9cnicos monitorizaci\u00f3n de v\u00eddeo en tiempo real dentro de los conductos, lo que permite realizar ajustes instant\u00e1neos y obtener una prueba visual de una limpieza completa.<\/p><p data-start=\"2543\" data-end=\"2562\"><strong data-start=\"2543\" data-end=\"2560\">Caracter\u00edsticas principales:<\/strong><\/p><ul data-start=\"2563\" data-end=\"3193\"><li data-start=\"2563\" data-end=\"2678\"><p data-start=\"2565\" data-end=\"2678\"><strong data-start=\"2565\" data-end=\"2601\">Sistema de c\u00e1mara controlado por tableta:<\/strong> Visualice im\u00e1genes en directo desde la manguera para una visibilidad completa y la confianza del cliente.<\/p><\/li><li data-start=\"2679\" data-end=\"2787\"><p data-start=\"2681\" data-end=\"2787\"><strong data-start=\"2681\" data-end=\"2707\">Movilidad de sistema dividido:<\/strong> Dise\u00f1ado para facilitar el desplazamiento por escaleras, pasillos e instalaciones amplias.<\/p><\/li><li data-start=\"2788\" data-end=\"2888\"><p data-start=\"2790\" data-end=\"2888\"><strong data-start=\"2790\" data-end=\"2816\">Motor dual de alta potencia:<\/strong> Proporciona la m\u00e1xima succi\u00f3n para conductos largos y eliminaci\u00f3n de residuos pesados.<\/p><\/li><li data-start=\"2889\" data-end=\"2991\"><p data-start=\"2891\" data-end=\"2991\"><strong data-start=\"2891\" data-end=\"2920\">Funcionamiento del control remoto:<\/strong> Ajuste la succi\u00f3n, la velocidad del cepillo y la direcci\u00f3n directamente desde la tableta.<\/p><\/li><li data-start=\"2992\" data-end=\"3098\"><p data-start=\"2994\" data-end=\"3098\"><strong data-start=\"2994\" data-end=\"3022\">Construcci\u00f3n de alta resistencia:<\/strong> Componentes reforzados dise\u00f1ados para uso industrial y exigencias de limpieza diarias.<\/p><\/li><li data-start=\"3099\" data-end=\"3193\"><p data-start=\"3101\" data-end=\"3193\"><strong data-start=\"3101\" data-end=\"3127\">Env\u00edo r\u00e1pido en 1-2 d\u00edas:<\/strong> Env\u00edo r\u00e1pido desde nuestra sala de exposiciones en Florida para entrega inmediata.<\/p><\/li><\/ul>\t\t\t\t\t\t\t\t<\/div>\n\t\t\t\t<\/div>\n\t\t\t\t\t<\/div>\n\t\t\t\t<\/div>\n\t\t\t\t<\/div>","protected":false},"excerpt":{"rendered":"<p data-start=\"755\" data-end=\"1083\">El <strong data-start=\"784\" data-end=\"817\">Commercial Rhino Split System<\/strong> El sistema Rhino Split comercial es una m\u00e1quina de limpieza de conductos de calidad profesional dise\u00f1ada para sistemas HVAC comerciales e industriales. Equipada con una c\u00e1mara en la manguera controlada por tableta, este sistema ofrece visibilidad en tiempo real, mayor potencia de succi\u00f3n y una precisi\u00f3n de limpieza inigualable para proyectos de gran envergadura.<\/p>\n<p data-start=\"1085\" data-end=\"1239\">","protected":false},"featured_media":2741,"comment_status":"open","ping_status":"closed","template":"","meta":[],"product_brand":[],"product_cat":[54,53,16],"product_tag":[],"class_list":{"0":"post-2274","1":"product","2":"type-product","3":"status-publish","4":"has-post-thumbnail","6":"product_cat-duct-cleaning-equipment","7":"product_cat-machine","8":"product_cat-rhino-series","10":"first","11":"onbackorder","12":"taxable","13":"shipping-taxable","14":"purchasable","15":"product-type-simple"},"yoast_head":"<!-- This site is optimized with the Yoast SEO plugin v27.3 - https:\/\/yoast.com\/product\/yoast-seo-wordpress\/ -->\n<title>Commercial Duct Cleaning Machine - Debris Free<\/title>\n<meta name=\"description\" content=\"Advanced commercial duct cleaning machine with integrated camera and tablet. Dual-motor power, fast setup, and free 1\u20132 day U.S. shipping.\" \/>\n<meta name=\"robots\" content=\"index, follow, max-snippet:-1, max-image-preview:large, max-video-preview:-1\" \/>\n<link rel=\"canonical\" href=\"https:\/\/www.debrisfreefl.com\/es\/producto\/rhino-xt\/\" \/>\n<meta property=\"og:locale\" content=\"es_MX\" \/>\n<meta property=\"og:type\" content=\"article\" \/>\n<meta property=\"og:title\" content=\"Commercial Duct Cleaning Machine - Debris Free\" \/>\n<meta property=\"og:description\" content=\"Advanced commercial duct cleaning machine with integrated camera and tablet. Dual-motor power, fast setup, and free 1\u20132 day U.S. shipping.\" \/>\n<meta property=\"og:url\" content=\"https:\/\/www.debrisfreefl.com\/es\/producto\/rhino-xt\/\" \/>\n<meta property=\"og:site_name\" content=\"Debris Free\" \/>\n<meta property=\"article:modified_time\" content=\"2026-04-18T22:25:49+00:00\" \/>\n<meta property=\"og:image\" content=\"https:\/\/www.debrisfreefl.com\/wp-content\/uploads\/2025\/10\/DSC_4111-scaled-e1766254078202.jpg\" \/>\n\t<meta property=\"og:image:width\" content=\"1702\" \/>\n\t<meta property=\"og:image:height\" content=\"1856\" \/>\n\t<meta property=\"og:image:type\" content=\"image\/jpeg\" \/>\n<meta name=\"twitter:card\" content=\"summary_large_image\" \/>\n<meta name=\"twitter:label1\" content=\"Tiempo de lectura\" \/>\n\t<meta name=\"twitter:data1\" content=\"1 minuto\" \/>\n<script type=\"application\/ld+json\" class=\"yoast-schema-graph\">{\"@context\":\"https:\\\/\\\/schema.org\",\"@graph\":[{\"@type\":\"WebPage\",\"@id\":\"https:\\\/\\\/www.debrisfreefl.com\\\/product\\\/rhino-xt\\\/\",\"url\":\"https:\\\/\\\/www.debrisfreefl.com\\\/product\\\/rhino-xt\\\/\",\"name\":\"Commercial Duct Cleaning Machine - Debris Free\",\"isPartOf\":{\"@id\":\"https:\\\/\\\/www.debrisfreefl.com\\\/#website\"},\"primaryImageOfPage\":{\"@id\":\"https:\\\/\\\/www.debrisfreefl.com\\\/product\\\/rhino-xt\\\/#primaryimage\"},\"image\":{\"@id\":\"https:\\\/\\\/www.debrisfreefl.com\\\/product\\\/rhino-xt\\\/#primaryimage\"},\"thumbnailUrl\":\"https:\\\/\\\/i0.wp.com\\\/www.debrisfreefl.com\\\/wp-content\\\/uploads\\\/2025\\\/10\\\/DSC_4111-scaled-e1766254078202.jpg?fit=1702%2C1856&ssl=1\",\"datePublished\":\"2025-10-27T01:52:04+00:00\",\"dateModified\":\"2026-04-18T22:25:49+00:00\",\"description\":\"Advanced commercial duct cleaning machine with integrated camera and tablet. Dual-motor power, fast setup, and free 1\u20132 day U.S. shipping.\",\"breadcrumb\":{\"@id\":\"https:\\\/\\\/www.debrisfreefl.com\\\/product\\\/rhino-xt\\\/#breadcrumb\"},\"inLanguage\":\"es\",\"potentialAction\":[{\"@type\":\"ReadAction\",\"target\":[\"https:\\\/\\\/www.debrisfreefl.com\\\/product\\\/rhino-xt\\\/\"]}]},{\"@type\":\"ImageObject\",\"inLanguage\":\"es\",\"@id\":\"https:\\\/\\\/www.debrisfreefl.com\\\/product\\\/rhino-xt\\\/#primaryimage\",\"url\":\"https:\\\/\\\/i0.wp.com\\\/www.debrisfreefl.com\\\/wp-content\\\/uploads\\\/2025\\\/10\\\/DSC_4111-scaled-e1766254078202.jpg?fit=1702%2C1856&ssl=1\",\"contentUrl\":\"https:\\\/\\\/i0.wp.com\\\/www.debrisfreefl.com\\\/wp-content\\\/uploads\\\/2025\\\/10\\\/DSC_4111-scaled-e1766254078202.jpg?fit=1702%2C1856&ssl=1\",\"width\":1702,\"height\":1856},{\"@type\":\"BreadcrumbList\",\"@id\":\"https:\\\/\\\/www.debrisfreefl.com\\\/product\\\/rhino-xt\\\/#breadcrumb\",\"itemListElement\":[{\"@type\":\"ListItem\",\"position\":1,\"name\":\"Home\",\"item\":\"https:\\\/\\\/www.debrisfreefl.com\\\/\"},{\"@type\":\"ListItem\",\"position\":2,\"name\":\"Shop\",\"item\":\"https:\\\/\\\/www.debrisfreefl.com\\\/shop\\\/\"},{\"@type\":\"ListItem\",\"position\":3,\"name\":\"Rhino XT Commercial Split System\"}]},{\"@type\":\"WebSite\",\"@id\":\"https:\\\/\\\/www.debrisfreefl.com\\\/#website\",\"url\":\"https:\\\/\\\/www.debrisfreefl.com\\\/\",\"name\":\"Debris Free\",\"description\":\"Air Duct Cleaning Equipment\",\"publisher\":{\"@id\":\"https:\\\/\\\/www.debrisfreefl.com\\\/#organization\"},\"potentialAction\":[{\"@type\":\"SearchAction\",\"target\":{\"@type\":\"EntryPoint\",\"urlTemplate\":\"https:\\\/\\\/www.debrisfreefl.com\\\/?s={search_term_string}\"},\"query-input\":{\"@type\":\"PropertyValueSpecification\",\"valueRequired\":true,\"valueName\":\"search_term_string\"}}],\"inLanguage\":\"es\"},{\"@type\":\"Organization\",\"@id\":\"https:\\\/\\\/www.debrisfreefl.com\\\/#organization\",\"name\":\"Debris Free\",\"url\":\"https:\\\/\\\/www.debrisfreefl.com\\\/\",\"logo\":{\"@type\":\"ImageObject\",\"inLanguage\":\"es\",\"@id\":\"https:\\\/\\\/www.debrisfreefl.com\\\/#\\\/schema\\\/logo\\\/image\\\/\",\"url\":\"https:\\\/\\\/i0.wp.com\\\/www.debrisfreefl.com\\\/wp-content\\\/uploads\\\/2023\\\/11\\\/5.png?fit=1431%2C805&ssl=1\",\"contentUrl\":\"https:\\\/\\\/i0.wp.com\\\/www.debrisfreefl.com\\\/wp-content\\\/uploads\\\/2023\\\/11\\\/5.png?fit=1431%2C805&ssl=1\",\"width\":1431,\"height\":805,\"caption\":\"Debris Free\"},\"image\":{\"@id\":\"https:\\\/\\\/www.debrisfreefl.com\\\/#\\\/schema\\\/logo\\\/image\\\/\"}}]}<\/script>\n<!-- \/ Yoast SEO plugin. -->","yoast_head_json":{"title":"Commercial Duct Cleaning Machine - Debris Free","description":"Advanced commercial duct cleaning machine with integrated camera and tablet. Dual-motor power, fast setup, and free 1\u20132 day U.S. shipping.","robots":{"index":"index","follow":"follow","max-snippet":"max-snippet:-1","max-image-preview":"max-image-preview:large","max-video-preview":"max-video-preview:-1"},"canonical":"https:\/\/www.debrisfreefl.com\/es\/producto\/rhino-xt\/","og_locale":"es_MX","og_type":"article","og_title":"Commercial Duct Cleaning Machine - Debris Free","og_description":"Advanced commercial duct cleaning machine with integrated camera and tablet. Dual-motor power, fast setup, and free 1\u20132 day U.S. shipping.","og_url":"https:\/\/www.debrisfreefl.com\/es\/producto\/rhino-xt\/","og_site_name":"Debris Free","article_modified_time":"2026-04-18T22:25:49+00:00","og_image":[{"width":1702,"height":1856,"url":"https:\/\/www.debrisfreefl.com\/wp-content\/uploads\/2025\/10\/DSC_4111-scaled-e1766254078202.jpg","type":"image\/jpeg"}],"twitter_card":"summary_large_image","twitter_misc":{"Tiempo de lectura":"1 minuto"},"schema":{"@context":"https:\/\/schema.org","@graph":[{"@type":"WebPage","@id":"https:\/\/www.debrisfreefl.com\/product\/rhino-xt\/","url":"https:\/\/www.debrisfreefl.com\/product\/rhino-xt\/","name":"Commercial Duct Cleaning Machine - Debris Free","isPartOf":{"@id":"https:\/\/www.debrisfreefl.com\/#website"},"primaryImageOfPage":{"@id":"https:\/\/www.debrisfreefl.com\/product\/rhino-xt\/#primaryimage"},"image":{"@id":"https:\/\/www.debrisfreefl.com\/product\/rhino-xt\/#primaryimage"},"thumbnailUrl":"https:\/\/i0.wp.com\/www.debrisfreefl.com\/wp-content\/uploads\/2025\/10\/DSC_4111-scaled-e1766254078202.jpg?fit=1702%2C1856&ssl=1","datePublished":"2025-10-27T01:52:04+00:00","dateModified":"2026-04-18T22:25:49+00:00","description":"Advanced commercial duct cleaning machine with integrated camera and tablet. Dual-motor power, fast setup, and free 1\u20132 day U.S. shipping.","breadcrumb":{"@id":"https:\/\/www.debrisfreefl.com\/product\/rhino-xt\/#breadcrumb"},"inLanguage":"es","potentialAction":[{"@type":"ReadAction","target":["https:\/\/www.debrisfreefl.com\/product\/rhino-xt\/"]}]},{"@type":"ImageObject","inLanguage":"es","@id":"https:\/\/www.debrisfreefl.com\/product\/rhino-xt\/#primaryimage","url":"https:\/\/i0.wp.com\/www.debrisfreefl.com\/wp-content\/uploads\/2025\/10\/DSC_4111-scaled-e1766254078202.jpg?fit=1702%2C1856&ssl=1","contentUrl":"https:\/\/i0.wp.com\/www.debrisfreefl.com\/wp-content\/uploads\/2025\/10\/DSC_4111-scaled-e1766254078202.jpg?fit=1702%2C1856&ssl=1","width":1702,"height":1856},{"@type":"BreadcrumbList","@id":"https:\/\/www.debrisfreefl.com\/product\/rhino-xt\/#breadcrumb","itemListElement":[{"@type":"ListItem","position":1,"name":"Home","item":"https:\/\/www.debrisfreefl.com\/"},{"@type":"ListItem","position":2,"name":"Shop","item":"https:\/\/www.debrisfreefl.com\/shop\/"},{"@type":"ListItem","position":3,"name":"Rhino XT Commercial Split System"}]},{"@type":"WebSite","@id":"https:\/\/www.debrisfreefl.com\/#website","url":"https:\/\/www.debrisfreefl.com\/","name":"Debris Free","description":"Equipo de limpieza de ductos","publisher":{"@id":"https:\/\/www.debrisfreefl.com\/#organization"},"potentialAction":[{"@type":"SearchAction","target":{"@type":"EntryPoint","urlTemplate":"https:\/\/www.debrisfreefl.com\/?s={search_term_string}"},"query-input":{"@type":"PropertyValueSpecification","valueRequired":true,"valueName":"search_term_string"}}],"inLanguage":"es"},{"@type":"Organization","@id":"https:\/\/www.debrisfreefl.com\/#organization","name":"Debris Free","url":"https:\/\/www.debrisfreefl.com\/","logo":{"@type":"ImageObject","inLanguage":"es","@id":"https:\/\/www.debrisfreefl.com\/#\/schema\/logo\/image\/","url":"https:\/\/i0.wp.com\/www.debrisfreefl.com\/wp-content\/uploads\/2023\/11\/5.png?fit=1431%2C805&ssl=1","contentUrl":"https:\/\/i0.wp.com\/www.debrisfreefl.com\/wp-content\/uploads\/2023\/11\/5.png?fit=1431%2C805&ssl=1","width":1431,"height":805,"caption":"Debris Free"},"image":{"@id":"https:\/\/www.debrisfreefl.com\/#\/schema\/logo\/image\/"}}]}},"jetpack_sharing_enabled":true,"_links":{"self":[{"href":"https:\/\/www.debrisfreefl.com\/es\/wp-json\/wp\/v2\/product\/2274","targetHints":{"allow":["GET"]}}],"collection":[{"href":"https:\/\/www.debrisfreefl.com\/es\/wp-json\/wp\/v2\/product"}],"about":[{"href":"https:\/\/www.debrisfreefl.com\/es\/wp-json\/wp\/v2\/types\/product"}],"replies":[{"embeddable":true,"href":"https:\/\/www.debrisfreefl.com\/es\/wp-json\/wp\/v2\/comments?post=2274"}],"version-history":[{"count":9,"href":"https:\/\/www.debrisfreefl.com\/es\/wp-json\/wp\/v2\/product\/2274\/revisions"}],"predecessor-version":[{"id":3065,"href":"https:\/\/www.debrisfreefl.com\/es\/wp-json\/wp\/v2\/product\/2274\/revisions\/3065"}],"wp:featuredmedia":[{"embeddable":true,"href":"https:\/\/www.debrisfreefl.com\/es\/wp-json\/wp\/v2\/media\/2741"}],"wp:attachment":[{"href":"https:\/\/www.debrisfreefl.com\/es\/wp-json\/wp\/v2\/media?parent=2274"}],"wp:term":[{"taxonomy":"product_brand","embeddable":true,"href":"https:\/\/www.debrisfreefl.com\/es\/wp-json\/wp\/v2\/product_brand?post=2274"},{"taxonomy":"product_cat","embeddable":true,"href":"https:\/\/www.debrisfreefl.com\/es\/wp-json\/wp\/v2\/product_cat?post=2274"},{"taxonomy":"product_tag","embeddable":true,"href":"https:\/\/www.debrisfreefl.com\/es\/wp-json\/wp\/v2\/product_tag?post=2274"}],"curies":[{"name":"wp","href":"https:\/\/api.w.org\/{rel}","templated":true}]}}