{"id":480,"date":"2024-04-18T08:05:20","date_gmt":"2024-04-18T08:05:20","guid":{"rendered":"https:\/\/www.debrisfreefl.com\/?page_id=480"},"modified":"2025-10-28T20:57:52","modified_gmt":"2025-10-28T20:57:52","slug":"financing","status":"publish","type":"page","link":"https:\/\/www.debrisfreefl.com\/es\/financing\/","title":{"rendered":"Financiaci\u00f3n"},"content":{"rendered":"<div data-elementor-type=\"wp-page\" data-elementor-id=\"480\" class=\"elementor elementor-480\" data-elementor-post-type=\"page\">\n\t\t\t\t\t\t<section class=\"elementor-section elementor-top-section elementor-element elementor-element-97a5eac elementor-section-boxed elementor-section-height-default elementor-section-height-default\" data-id=\"97a5eac\" data-element_type=\"section\" data-e-type=\"section\" data-settings=\"{&quot;background_background&quot;:&quot;classic&quot;}\">\n\t\t\t\t\t\t\t<div class=\"elementor-background-overlay\"><\/div>\n\t\t\t\t\t\t\t<div class=\"elementor-container elementor-column-gap-no\">\n\t\t\t\t\t<div class=\"elementor-column elementor-col-50 elementor-top-column elementor-element elementor-element-f2bc20d\" data-id=\"f2bc20d\" data-element_type=\"column\" data-e-type=\"column\">\n\t\t\t<div class=\"elementor-widget-wrap elementor-element-populated\">\n\t\t\t\t\t\t<div class=\"elementor-element elementor-element-6cb0e1d elementor-invisible elementor-widget elementor-widget-heading\" data-id=\"6cb0e1d\" data-element_type=\"widget\" data-e-type=\"widget\" data-settings=\"{&quot;_animation&quot;:&quot;fadeInLeft&quot;}\" data-widget_type=\"heading.default\">\n\t\t\t\t<div class=\"elementor-widget-container\">\n\t\t\t\t\t<h1 class=\"elementor-heading-title elementor-size-default\">Financiamiento de Equipos<\/h1>\t\t\t\t<\/div>\n\t\t\t\t<\/div>\n\t\t\t\t\t<\/div>\n\t\t<\/div>\n\t\t\t\t<div class=\"elementor-column elementor-col-50 elementor-top-column elementor-element elementor-element-32aeba5\" data-id=\"32aeba5\" data-element_type=\"column\" data-e-type=\"column\">\n\t\t\t<div class=\"elementor-widget-wrap elementor-element-populated\">\n\t\t\t\t\t\t<div class=\"elementor-element elementor-element-093896a elementor-icon-list--layout-inline elementor-align-end elementor-mobile-align-start elementor-list-item-link-full_width elementor-widget elementor-widget-icon-list\" data-id=\"093896a\" data-element_type=\"widget\" data-e-type=\"widget\" data-widget_type=\"icon-list.default\">\n\t\t\t\t<div class=\"elementor-widget-container\">\n\t\t\t\t\t\t\t<ul class=\"elementor-icon-list-items elementor-inline-items\">\n\t\t\t\t\t\t\t<li class=\"elementor-icon-list-item elementor-inline-item\">\n\t\t\t\t\t\t\t\t\t\t\t<span class=\"elementor-icon-list-icon\">\n\t\t\t\t\t\t\t<svg aria-hidden=\"true\" class=\"e-font-icon-svg e-fas-home\" viewbox=\"0 0 576 512\" xmlns=\"http:\/\/www.w3.org\/2000\/svg\"><path d=\"M280.37 148.26L96 300.11V464a16 16 0 0 0 16 16l112.06-.29a16 16 0 0 0 15.92-16V368a16 16 0 0 1 16-16h64a16 16 0 0 1 16 16v95.64a16 16 0 0 0 16 16.05L464 480a16 16 0 0 0 16-16V300L295.67 148.26a12.19 12.19 0 0 0-15.3 0zM571.6 251.47L488 182.56V44.05a12 12 0 0 0-12-12h-56a12 12 0 0 0-12 12v72.61L318.47 43a48 48 0 0 0-61 0L4.34 251.47a12 12 0 0 0-1.6 16.9l25.5 31A12 12 0 0 0 45.15 301l235.22-193.74a12.19 12.19 0 0 1 15.3 0L530.9 301a12 12 0 0 0 16.9-1.6l25.5-31a12 12 0 0 0-1.7-16.93z\"><\/path><\/svg>\t\t\t\t\t\t<\/span>\n\t\t\t\t\t\t\t\t\t\t<span class=\"elementor-icon-list-text\">Inicio<\/span>\n\t\t\t\t\t\t\t\t\t<\/li>\n\t\t\t\t\t\t\t\t<li class=\"elementor-icon-list-item elementor-inline-item\">\n\t\t\t\t\t\t\t\t\t\t\t<span class=\"elementor-icon-list-icon\">\n\t\t\t\t\t\t\t<svg aria-hidden=\"true\" class=\"e-font-icon-svg e-fas-angle-right\" viewbox=\"0 0 256 512\" xmlns=\"http:\/\/www.w3.org\/2000\/svg\"><path d=\"M224.3 273l-136 136c-9.4 9.4-24.6 9.4-33.9 0l-22.6-22.6c-9.4-9.4-9.4-24.6 0-33.9l96.4-96.4-96.4-96.4c-9.4-9.4-9.4-24.6 0-33.9L54.3 103c9.4-9.4 24.6-9.4 33.9 0l136 136c9.5 9.4 9.5 24.6.1 34z\"><\/path><\/svg>\t\t\t\t\t\t<\/span>\n\t\t\t\t\t\t\t\t\t\t<span class=\"elementor-icon-list-text\"><\/span>\n\t\t\t\t\t\t\t\t\t<\/li>\n\t\t\t\t\t\t<\/ul>\n\t\t\t\t\t\t<\/div>\n\t\t\t\t<\/div>\n\t\t\t\t\t<\/div>\n\t\t<\/div>\n\t\t\t\t\t<\/div>\n\t\t<\/section>\n\t\t<div class=\"elementor-element elementor-element-4afea76 e-con-full e-flex e-con e-parent\" data-id=\"4afea76\" data-element_type=\"container\" data-e-type=\"container\">\n\t\t\t\t<div class=\"elementor-element elementor-element-1bdf7e4 elementor-headline--style-rotate elementor-widget__width-inherit elementor-widget elementor-widget-animated-headline\" data-id=\"1bdf7e4\" data-element_type=\"widget\" data-e-type=\"widget\" data-settings=\"{&quot;headline_style&quot;:&quot;rotate&quot;,&quot;animation_type&quot;:&quot;slide-down&quot;,&quot;rotating_text&quot;:&quot;0% Interest\\nOne Minute Application\\nUp to 12 Year Terms\\nLow Credit Options&quot;,&quot;loop&quot;:&quot;yes&quot;,&quot;rotate_iteration_delay&quot;:2500}\" data-widget_type=\"animated-headline.default\">\n\t\t\t\t<div class=\"elementor-widget-container\">\n\t\t\t\t\t\t\t<h3 class=\"elementor-headline elementor-headline-animation-type-slide-down\">\n\t\t\t\t\t<span class=\"elementor-headline-plain-text elementor-headline-text-wrapper\">Experiencia<\/span>\n\t\t\t\t<span class=\"elementor-headline-dynamic-wrapper elementor-headline-text-wrapper\">\n\t\t\t\t\t<span class=\"elementor-headline-dynamic-text elementor-headline-text-active\">\n\t\t\t\t0%&nbsp;Interest\t\t\t<\/span>\n\t\t\t\t\t<span class=\"elementor-headline-dynamic-text\">\n\t\t\t\tOne&nbsp;Minute&nbsp;Application\t\t\t<\/span>\n\t\t\t\t\t<span class=\"elementor-headline-dynamic-text\">\n\t\t\t\tUp&nbsp;to&nbsp;12&nbsp;Year&nbsp;Terms\t\t\t<\/span>\n\t\t\t\t\t<span class=\"elementor-headline-dynamic-text\">\n\t\t\t\tOpciones de bajo Credito\t\t\t<\/span>\n\t\t\t\t\t\t<\/span>\n\t\t\t\t<\/h3>\n\t\t\t\t\t\t<\/div>\n\t\t\t\t<\/div>\n\t\t\t\t<\/div>\n\t\t<div class=\"elementor-element elementor-element-2015db1 e-flex e-con-boxed e-con e-parent\" data-id=\"2015db1\" data-element_type=\"container\" data-e-type=\"container\">\n\t\t\t\t\t<div class=\"e-con-inner\">\n\t\t\t\t<div class=\"elementor-element elementor-element-0d41460 elementor-widget elementor-widget-text-editor\" data-id=\"0d41460\" data-element_type=\"widget\" data-e-type=\"widget\" data-widget_type=\"text-editor.default\">\n\t\t\t\t<div class=\"elementor-widget-container\">\n\t\t\t\t\t\t\t\t\t<p class=\"translation-block\">En Debris Free sabemos que invertir en equipos de primera l\u00ednea es clave para hacer crecer su negocio de limpieza de conductos de aire, por eso se asocio con Hearth, para ofrecer financiamiento sin complicaciones para nuestras maquinas de la serie Rhino.Sabemos que invertir en equipos de primera calidad es clave para el crecimiento de su negocio de limpieza de conductos de aire. Por eso nos hemos asociado con Hearth para ofrecer financiamiento sin complicaciones para nuestras m\u00e1quinas de la serie Rhino.<\/p>\t\t\t\t\t\t\t\t<\/div>\n\t\t\t\t<\/div>\n\t\t\t\t\t<\/div>\n\t\t\t\t<\/div>\n\t\t<div class=\"elementor-element elementor-element-6e42ba1 e-flex e-con-boxed e-con e-parent\" data-id=\"6e42ba1\" data-element_type=\"container\" data-e-type=\"container\">\n\t\t\t\t\t<div class=\"e-con-inner\">\n\t\t\t\t<div class=\"elementor-element elementor-element-1e8c41d elementor-widget elementor-widget-image\" data-id=\"1e8c41d\" data-element_type=\"widget\" data-e-type=\"widget\" data-widget_type=\"image.default\">\n\t\t\t\t<div class=\"elementor-widget-container\">\n\t\t\t\t\t\t\t\t\t\t\t\t\t\t\t<img fetchpriority=\"high\" decoding=\"async\" width=\"800\" height=\"532\" src=\"https:\/\/i0.wp.com\/www.debrisfreefl.com\/wp-content\/uploads\/2025\/03\/Blog-Covers.png?fit=800%2C532&amp;ssl=1\" class=\"attachment-large size-large wp-image-1857\" alt=\"\" srcset=\"https:\/\/i0.wp.com\/www.debrisfreefl.com\/wp-content\/uploads\/2025\/03\/Blog-Covers.png?w=2048&amp;ssl=1 2048w, https:\/\/i0.wp.com\/www.debrisfreefl.com\/wp-content\/uploads\/2025\/03\/Blog-Covers.png?resize=300%2C200&amp;ssl=1 300w, https:\/\/i0.wp.com\/www.debrisfreefl.com\/wp-content\/uploads\/2025\/03\/Blog-Covers.png?resize=1024%2C681&amp;ssl=1 1024w, https:\/\/i0.wp.com\/www.debrisfreefl.com\/wp-content\/uploads\/2025\/03\/Blog-Covers.png?resize=768%2C511&amp;ssl=1 768w, https:\/\/i0.wp.com\/www.debrisfreefl.com\/wp-content\/uploads\/2025\/03\/Blog-Covers.png?resize=1536%2C1022&amp;ssl=1 1536w, https:\/\/i0.wp.com\/www.debrisfreefl.com\/wp-content\/uploads\/2025\/03\/Blog-Covers.png?resize=800%2C532&amp;ssl=1 800w, https:\/\/i0.wp.com\/www.debrisfreefl.com\/wp-content\/uploads\/2025\/03\/Blog-Covers.png?w=1600&amp;ssl=1 1600w\" sizes=\"(max-width: 800px) 100vw, 800px\" \/>\t\t\t\t\t\t\t\t\t\t\t\t\t\t\t<\/div>\n\t\t\t\t<\/div>\n\t\t\t\t\t<\/div>\n\t\t\t\t<\/div>\n\t\t<div class=\"elementor-element elementor-element-28e9d23 e-flex e-con-boxed e-con e-parent\" data-id=\"28e9d23\" data-element_type=\"container\" data-e-type=\"container\">\n\t\t\t\t\t<div class=\"e-con-inner\">\n\t\t\t\t<div class=\"elementor-element elementor-element-627d1db elementor-widget elementor-widget-heading\" data-id=\"627d1db\" data-element_type=\"widget\" data-e-type=\"widget\" data-widget_type=\"heading.default\">\n\t\t\t\t<div class=\"elementor-widget-container\">\n\t\t\t\t\t<h3 class=\"elementor-heading-title elementor-size-default\">Opciones de Financiamiento Rapido y Flexibles<\/h3>\t\t\t\t<\/div>\n\t\t\t\t<\/div>\n\t\t\t\t\t<\/div>\n\t\t\t\t<\/div>\n\t\t<div class=\"elementor-element elementor-element-416a17c e-flex e-con-boxed e-con e-parent\" data-id=\"416a17c\" data-element_type=\"container\" data-e-type=\"container\">\n\t\t\t\t\t<div class=\"e-con-inner\">\n\t\t\t\t<div class=\"elementor-element elementor-element-f6bc2b9 elementor-widget elementor-widget-text-editor\" data-id=\"f6bc2b9\" data-element_type=\"widget\" data-e-type=\"widget\" data-widget_type=\"text-editor.default\">\n\t\t\t\t<div class=\"elementor-widget-container\">\n\t\t\t\t\t\t\t\t\t<p data-start=\"486\" data-end=\"781\">Con Heartz, puedes obtener financiamiento en minutos y elegir plan de pagos que se ajuste a su presupuesto. <strong data-start=\"587\" data-end=\"626\">Sin afectar su puntaje de cr\u00e9dito.<\/strong>Ya sea que est\u00e9 actualizando su equipo existente o ampliando sus servicios, nuestras opciones de financiamiento hacen que sea m\u00e1s f\u00e1cil que nunca invertir en su negocio.<\/p><ul><li data-start=\"783\" data-end=\"1007\"><strong data-start=\"785\" data-end=\"815\">0% APR por hasta 21 Meses.<\/strong> Si Califica<\/li><li data-start=\"783\" data-end=\"1007\"><strong data-start=\"835\" data-end=\"866\">Montos de pr\u00e9stamo de hasta $250.000<\/strong><\/li><li data-start=\"783\" data-end=\"1007\"><strong data-start=\"871\" data-end=\"909\">Opciones de pago mensuales asequibles<\/strong><\/li><li data-start=\"783\" data-end=\"1007\"><strong data-start=\"914\" data-end=\"941\">Financiamiento en 1-3 d\u00edas<\/strong><\/li><li data-start=\"783\" data-end=\"1007\"><strong data-start=\"946\" data-end=\"973\">Sin Penalizaciones por pago anticipado<\/strong><\/li><li data-start=\"783\" data-end=\"1007\"><strong data-start=\"978\" data-end=\"1005\">No se requiere capital en la vivienda<\/strong><\/li><\/ul>\t\t\t\t\t\t\t\t<\/div>\n\t\t\t\t<\/div>\n\t\t\t\t<div class=\"elementor-element elementor-element-23719e5 elementor-widget elementor-widget-text-editor\" data-id=\"23719e5\" data-element_type=\"widget\" data-e-type=\"widget\" data-widget_type=\"text-editor.default\">\n\t\t\t\t<div class=\"elementor-widget-container\">\n\t\t\t\t\t\t\t\t\t<h4 data-start=\"1009\" data-end=\"1030\"><strong data-start=\"1012\" data-end=\"1028\">Como Funciona<\/strong><\/h4><p data-start=\"1032\" data-end=\"1321\"><strong data-start=\"1032\" data-end=\"1058\">1. Consulta tus opciones:<\/strong> Obt\u00e9n una precalificaci\u00f3n en minutos sin impacto en tu puntaje de cr\u00e9dito.<br data-start=\"1124\" data-end=\"1127\" \/><strong data-start=\"1127\" data-end=\"1148\">2. Elige un Plan:<\/strong> Selecciona una opci\u00f3n de pago mensual que se ajuste a tu presupuesto<br data-start=\"1208\" data-end=\"1211\" \/><strong data-start=\"1211\" data-end=\"1234\">3.Obten financiaci\u00f3n r\u00e1pidamente<\/strong> Recibe financiaci\u00f3n en <strong data-start=\"1258\" data-end=\"1270\">1-3 d\u00edas<\/strong> y obt\u00e9n el equipo que necesitas sin esperas.<\/p>\t\t\t\t\t\t\t\t<\/div>\n\t\t\t\t<\/div>\n\t\t\t\t\t<\/div>\n\t\t\t\t<\/div>\n\t\t<div class=\"elementor-element elementor-element-1de0471 e-con-full e-flex e-con e-parent\" data-id=\"1de0471\" data-element_type=\"container\" data-e-type=\"container\">\n\t\t<div class=\"elementor-element elementor-element-ad67ceb e-con-full e-flex e-con e-child\" data-id=\"ad67ceb\" data-element_type=\"container\" data-e-type=\"container\">\n\t\t<div class=\"elementor-element elementor-element-91452ea e-con-full e-flex e-con e-child\" data-id=\"91452ea\" data-element_type=\"container\" data-e-type=\"container\">\n\t\t\t\t<div class=\"elementor-element elementor-element-aa18d44 elementor-align-center elementor-widget elementor-widget-button\" data-id=\"aa18d44\" data-element_type=\"widget\" data-e-type=\"widget\" data-widget_type=\"button.default\">\n\t\t\t\t<div class=\"elementor-widget-container\">\n\t\t\t\t\t\t\t\t\t<div class=\"elementor-button-wrapper\">\n\t\t\t\t\t<a class=\"elementor-button elementor-button-link elementor-size-sm\" href=\"https:\/\/app.gethearth.com\/partners\/debris-free\/brian\/apply\" target=\"_blank\">\n\t\t\t\t\t\t<span class=\"elementor-button-content-wrapper\">\n\t\t\t\t\t\t\t\t\t<span class=\"elementor-button-text\">Obt\u00e9n tu Cotizaci\u00f3n Hoy<\/span>\n\t\t\t\t\t<\/span>\n\t\t\t\t\t<\/a>\n\t\t\t\t<\/div>\n\t\t\t\t\t\t\t\t<\/div>\n\t\t\t\t<\/div>\n\t\t\t\t<\/div>\n\t\t\t\t<\/div>\n\t\t\t\t<\/div>\n\t\t\t\t<\/div>","protected":false},"excerpt":{"rendered":"<p>Equipment Financing\u200b Home Experience 0%&nbsp;Interest One&nbsp;Minute&nbsp;Application Up&nbsp;to&nbsp;12&nbsp;Year&nbsp;Terms Low&nbsp;Credit&nbsp;Options At Debris Free, we know that investing in top-tier equipment is key to growing your air duct cleaning business. That\u2019s why we\u2019ve partnered with Hearth to offer hassle-free financing for our Rhino Series machines. Fast &amp; Flexible Financing Options With Hearth, you can secure financing in minutes [&hellip;]<\/p>\n","protected":false},"author":1,"featured_media":57,"parent":0,"menu_order":0,"comment_status":"closed","ping_status":"closed","template":"","meta":{"footnotes":""},"class_list":["post-480","page","type-page","status-publish","has-post-thumbnail","hentry"],"yoast_head":"<!-- This site is optimized with the Yoast SEO plugin v27.3 - https:\/\/yoast.com\/product\/yoast-seo-wordpress\/ -->\n<title>Air Duct Cleaning Equipment Financing - Debris Free<\/title>\n<meta name=\"description\" content=\"Duct cleaning equipment financing for our Rhino Series machines. Qualified customers can receive offers with no payments for up to 90 days.\" \/>\n<meta name=\"robots\" content=\"index, follow, max-snippet:-1, max-image-preview:large, max-video-preview:-1\" \/>\n<link rel=\"canonical\" href=\"https:\/\/www.debrisfreefl.com\/es\/financing\/\" \/>\n<meta property=\"og:locale\" content=\"es_MX\" \/>\n<meta property=\"og:type\" content=\"article\" \/>\n<meta property=\"og:title\" content=\"Air Duct Cleaning Equipment Financing - Debris Free\" \/>\n<meta property=\"og:description\" content=\"Duct cleaning equipment financing for our Rhino Series machines. Qualified customers can receive offers with no payments for up to 90 days.\" \/>\n<meta property=\"og:url\" content=\"https:\/\/www.debrisfreefl.com\/es\/financing\/\" \/>\n<meta property=\"og:site_name\" content=\"Debris Free\" \/>\n<meta property=\"article:modified_time\" content=\"2025-10-28T20:57:52+00:00\" \/>\n<meta property=\"og:image\" content=\"https:\/\/www.debrisfreefl.com\/wp-content\/uploads\/2023\/11\/Debris-Free-06-2.png\" \/>\n\t<meta property=\"og:image:width\" content=\"991\" \/>\n\t<meta property=\"og:image:height\" content=\"559\" \/>\n\t<meta property=\"og:image:type\" content=\"image\/png\" \/>\n<meta name=\"twitter:card\" content=\"summary_large_image\" \/>\n<meta name=\"twitter:label1\" content=\"Tiempo de lectura\" \/>\n\t<meta name=\"twitter:data1\" content=\"1 minuto\" \/>\n<script type=\"application\/ld+json\" class=\"yoast-schema-graph\">{\"@context\":\"https:\\\/\\\/schema.org\",\"@graph\":[{\"@type\":\"WebPage\",\"@id\":\"https:\\\/\\\/www.debrisfreefl.com\\\/financing\\\/\",\"url\":\"https:\\\/\\\/www.debrisfreefl.com\\\/financing\\\/\",\"name\":\"Air Duct Cleaning Equipment Financing - Debris Free\",\"isPartOf\":{\"@id\":\"https:\\\/\\\/www.debrisfreefl.com\\\/#website\"},\"primaryImageOfPage\":{\"@id\":\"https:\\\/\\\/www.debrisfreefl.com\\\/financing\\\/#primaryimage\"},\"image\":{\"@id\":\"https:\\\/\\\/www.debrisfreefl.com\\\/financing\\\/#primaryimage\"},\"thumbnailUrl\":\"https:\\\/\\\/i0.wp.com\\\/www.debrisfreefl.com\\\/wp-content\\\/uploads\\\/2023\\\/11\\\/Debris-Free-06-2.png?fit=991%2C559&ssl=1\",\"datePublished\":\"2024-04-18T08:05:20+00:00\",\"dateModified\":\"2025-10-28T20:57:52+00:00\",\"description\":\"Duct cleaning equipment financing for our Rhino Series machines. Qualified customers can receive offers with no payments for up to 90 days.\",\"breadcrumb\":{\"@id\":\"https:\\\/\\\/www.debrisfreefl.com\\\/financing\\\/#breadcrumb\"},\"inLanguage\":\"es\",\"potentialAction\":[{\"@type\":\"ReadAction\",\"target\":[\"https:\\\/\\\/www.debrisfreefl.com\\\/financing\\\/\"]}]},{\"@type\":\"ImageObject\",\"inLanguage\":\"es\",\"@id\":\"https:\\\/\\\/www.debrisfreefl.com\\\/financing\\\/#primaryimage\",\"url\":\"https:\\\/\\\/i0.wp.com\\\/www.debrisfreefl.com\\\/wp-content\\\/uploads\\\/2023\\\/11\\\/Debris-Free-06-2.png?fit=991%2C559&ssl=1\",\"contentUrl\":\"https:\\\/\\\/i0.wp.com\\\/www.debrisfreefl.com\\\/wp-content\\\/uploads\\\/2023\\\/11\\\/Debris-Free-06-2.png?fit=991%2C559&ssl=1\",\"width\":991,\"height\":559,\"caption\":\"Debris Free Logo\"},{\"@type\":\"BreadcrumbList\",\"@id\":\"https:\\\/\\\/www.debrisfreefl.com\\\/financing\\\/#breadcrumb\",\"itemListElement\":[{\"@type\":\"ListItem\",\"position\":1,\"name\":\"Home\",\"item\":\"https:\\\/\\\/www.debrisfreefl.com\\\/\"},{\"@type\":\"ListItem\",\"position\":2,\"name\":\"Financing\"}]},{\"@type\":\"WebSite\",\"@id\":\"https:\\\/\\\/www.debrisfreefl.com\\\/#website\",\"url\":\"https:\\\/\\\/www.debrisfreefl.com\\\/\",\"name\":\"Debris Free\",\"description\":\"Air Duct Cleaning Equipment\",\"publisher\":{\"@id\":\"https:\\\/\\\/www.debrisfreefl.com\\\/#organization\"},\"potentialAction\":[{\"@type\":\"SearchAction\",\"target\":{\"@type\":\"EntryPoint\",\"urlTemplate\":\"https:\\\/\\\/www.debrisfreefl.com\\\/?s={search_term_string}\"},\"query-input\":{\"@type\":\"PropertyValueSpecification\",\"valueRequired\":true,\"valueName\":\"search_term_string\"}}],\"inLanguage\":\"es\"},{\"@type\":\"Organization\",\"@id\":\"https:\\\/\\\/www.debrisfreefl.com\\\/#organization\",\"name\":\"Debris Free\",\"url\":\"https:\\\/\\\/www.debrisfreefl.com\\\/\",\"logo\":{\"@type\":\"ImageObject\",\"inLanguage\":\"es\",\"@id\":\"https:\\\/\\\/www.debrisfreefl.com\\\/#\\\/schema\\\/logo\\\/image\\\/\",\"url\":\"https:\\\/\\\/i0.wp.com\\\/www.debrisfreefl.com\\\/wp-content\\\/uploads\\\/2023\\\/11\\\/5.png?fit=1431%2C805&ssl=1\",\"contentUrl\":\"https:\\\/\\\/i0.wp.com\\\/www.debrisfreefl.com\\\/wp-content\\\/uploads\\\/2023\\\/11\\\/5.png?fit=1431%2C805&ssl=1\",\"width\":1431,\"height\":805,\"caption\":\"Debris Free\"},\"image\":{\"@id\":\"https:\\\/\\\/www.debrisfreefl.com\\\/#\\\/schema\\\/logo\\\/image\\\/\"}}]}<\/script>\n<!-- \/ Yoast SEO plugin. -->","yoast_head_json":{"title":"Air Duct Cleaning Equipment Financing - Debris Free","description":"Duct cleaning equipment financing for our Rhino Series machines. Qualified customers can receive offers with no payments for up to 90 days.","robots":{"index":"index","follow":"follow","max-snippet":"max-snippet:-1","max-image-preview":"max-image-preview:large","max-video-preview":"max-video-preview:-1"},"canonical":"https:\/\/www.debrisfreefl.com\/es\/financing\/","og_locale":"es_MX","og_type":"article","og_title":"Air Duct Cleaning Equipment Financing - Debris Free","og_description":"Duct cleaning equipment financing for our Rhino Series machines. Qualified customers can receive offers with no payments for up to 90 days.","og_url":"https:\/\/www.debrisfreefl.com\/es\/financing\/","og_site_name":"Debris Free","article_modified_time":"2025-10-28T20:57:52+00:00","og_image":[{"width":991,"height":559,"url":"https:\/\/www.debrisfreefl.com\/wp-content\/uploads\/2023\/11\/Debris-Free-06-2.png","type":"image\/png"}],"twitter_card":"summary_large_image","twitter_misc":{"Tiempo de lectura":"1 minuto"},"schema":{"@context":"https:\/\/schema.org","@graph":[{"@type":"WebPage","@id":"https:\/\/www.debrisfreefl.com\/financing\/","url":"https:\/\/www.debrisfreefl.com\/financing\/","name":"Air Duct Cleaning Equipment Financing - Debris Free","isPartOf":{"@id":"https:\/\/www.debrisfreefl.com\/#website"},"primaryImageOfPage":{"@id":"https:\/\/www.debrisfreefl.com\/financing\/#primaryimage"},"image":{"@id":"https:\/\/www.debrisfreefl.com\/financing\/#primaryimage"},"thumbnailUrl":"https:\/\/i0.wp.com\/www.debrisfreefl.com\/wp-content\/uploads\/2023\/11\/Debris-Free-06-2.png?fit=991%2C559&ssl=1","datePublished":"2024-04-18T08:05:20+00:00","dateModified":"2025-10-28T20:57:52+00:00","description":"Duct cleaning equipment financing for our Rhino Series machines. Qualified customers can receive offers with no payments for up to 90 days.","breadcrumb":{"@id":"https:\/\/www.debrisfreefl.com\/financing\/#breadcrumb"},"inLanguage":"es","potentialAction":[{"@type":"ReadAction","target":["https:\/\/www.debrisfreefl.com\/financing\/"]}]},{"@type":"ImageObject","inLanguage":"es","@id":"https:\/\/www.debrisfreefl.com\/financing\/#primaryimage","url":"https:\/\/i0.wp.com\/www.debrisfreefl.com\/wp-content\/uploads\/2023\/11\/Debris-Free-06-2.png?fit=991%2C559&ssl=1","contentUrl":"https:\/\/i0.wp.com\/www.debrisfreefl.com\/wp-content\/uploads\/2023\/11\/Debris-Free-06-2.png?fit=991%2C559&ssl=1","width":991,"height":559,"caption":"Debris Free Logo"},{"@type":"BreadcrumbList","@id":"https:\/\/www.debrisfreefl.com\/financing\/#breadcrumb","itemListElement":[{"@type":"ListItem","position":1,"name":"Home","item":"https:\/\/www.debrisfreefl.com\/"},{"@type":"ListItem","position":2,"name":"Financing"}]},{"@type":"WebSite","@id":"https:\/\/www.debrisfreefl.com\/#website","url":"https:\/\/www.debrisfreefl.com\/","name":"Debris Free","description":"Equipo de limpieza de ductos","publisher":{"@id":"https:\/\/www.debrisfreefl.com\/#organization"},"potentialAction":[{"@type":"SearchAction","target":{"@type":"EntryPoint","urlTemplate":"https:\/\/www.debrisfreefl.com\/?s={search_term_string}"},"query-input":{"@type":"PropertyValueSpecification","valueRequired":true,"valueName":"search_term_string"}}],"inLanguage":"es"},{"@type":"Organization","@id":"https:\/\/www.debrisfreefl.com\/#organization","name":"Debris Free","url":"https:\/\/www.debrisfreefl.com\/","logo":{"@type":"ImageObject","inLanguage":"es","@id":"https:\/\/www.debrisfreefl.com\/#\/schema\/logo\/image\/","url":"https:\/\/i0.wp.com\/www.debrisfreefl.com\/wp-content\/uploads\/2023\/11\/5.png?fit=1431%2C805&ssl=1","contentUrl":"https:\/\/i0.wp.com\/www.debrisfreefl.com\/wp-content\/uploads\/2023\/11\/5.png?fit=1431%2C805&ssl=1","width":1431,"height":805,"caption":"Debris Free"},"image":{"@id":"https:\/\/www.debrisfreefl.com\/#\/schema\/logo\/image\/"}}]}},"jetpack_sharing_enabled":true,"_links":{"self":[{"href":"https:\/\/www.debrisfreefl.com\/es\/wp-json\/wp\/v2\/pages\/480","targetHints":{"allow":["GET"]}}],"collection":[{"href":"https:\/\/www.debrisfreefl.com\/es\/wp-json\/wp\/v2\/pages"}],"about":[{"href":"https:\/\/www.debrisfreefl.com\/es\/wp-json\/wp\/v2\/types\/page"}],"author":[{"embeddable":true,"href":"https:\/\/www.debrisfreefl.com\/es\/wp-json\/wp\/v2\/users\/1"}],"replies":[{"embeddable":true,"href":"https:\/\/www.debrisfreefl.com\/es\/wp-json\/wp\/v2\/comments?post=480"}],"version-history":[{"count":10,"href":"https:\/\/www.debrisfreefl.com\/es\/wp-json\/wp\/v2\/pages\/480\/revisions"}],"predecessor-version":[{"id":2314,"href":"https:\/\/www.debrisfreefl.com\/es\/wp-json\/wp\/v2\/pages\/480\/revisions\/2314"}],"wp:featuredmedia":[{"embeddable":true,"href":"https:\/\/www.debrisfreefl.com\/es\/wp-json\/wp\/v2\/media\/57"}],"wp:attachment":[{"href":"https:\/\/www.debrisfreefl.com\/es\/wp-json\/wp\/v2\/media?parent=480"}],"curies":[{"name":"wp","href":"https:\/\/api.w.org\/{rel}","templated":true}]}}